{"id":12,"date":"2018-11-16T14:56:20","date_gmt":"2018-11-16T14:56:20","guid":{"rendered":"http:\/\/gobuntu.cucw.de\/?page_id=12"},"modified":"2026-03-25T17:45:05","modified_gmt":"2026-03-25T17:45:05","slug":"uber-ecsf","status":"publish","type":"page","link":"https:\/\/e-cs-f.org\/de\/","title":{"rendered":"\u00dcber ECSF\u00ae"},"content":{"rendered":"<div>\n<p>Die European Clinical Science Foundation (ECSF\u00ae) ist eine gemeinn\u00fctzige Stiftung b\u00fcrgerlichen Rechts mit Sitz in K\u00f6ln.<\/p>\n<\/div>\n<div>\n<p>Die Stiftung f\u00f6rdert, unterst\u00fctzt und f\u00fchrt Ma\u00dfnahmen durch, die geeignet sind, eine Krankenversorgung und Berufsaus\u00fcbung im Bereich der Medizin auf europaweit einheitlich hohem Niveau zu gew\u00e4hrleisten.<\/p>\n<\/div>\n<div>\n<p>ECSF<sup>\u00ae<\/sup><span class=\"apple-converted-space\">\u00a0<\/span>ist verantwortlich f\u00fcr die Zertifizierungspraxis von EBAC\u00ae (European Board for Accreditation of Continuing Education for Health Professionals), das internationale Fortbildungen im Bereich der Medizin zertifiziert.<\/p>\n<\/div>\n<div>\n<p>Wir m\u00f6chten Sie herzlich einladen, die Arbeit der Stiftung in Form einer Spende oder Zustiftung zu unterst\u00fctzen.<\/p>\n<\/div>\n<p><img loading=\"lazy\" decoding=\"async\" class=\"alignnone size-full wp-image-14\" src=\"\/wp-content\/uploads\/2018\/11\/unterschrift_rg.jpg\" alt=\"\" width=\"200\" height=\"78\" \/><\/p>\n<p>Prof. Dr. med. Reinhard Griebenow<br \/>\nVorsitzender des Vorstandes<\/p>\n<hr \/>\n<h3>Aktuelles:<\/h3>\n<p><a href=\"http:\/\/e-cs-f.org\/en\/symposium-future-of-e-learning-in-cpd-27-01-2023\/\">Symposium &#8222;Future of e-learning in CPD&#8220; 27. 01. 2023<\/a><\/p>\n<p><a href=\"http:\/\/e-cs-f.org\/en\/symposium-future-of-e-learning-in-cpd-27-01-2023\/\"><img loading=\"lazy\" decoding=\"async\" class=\"alignnone size-medium wp-image-629\" src=\"http:\/\/e-cs-f.org\/wp-content\/uploads\/2023\/03\/Introduction-3-300x170.png\" alt=\"\" width=\"300\" height=\"170\" srcset=\"https:\/\/e-cs-f.org\/wp-content\/uploads\/2023\/03\/Introduction-3-300x170.png 300w, https:\/\/e-cs-f.org\/wp-content\/uploads\/2023\/03\/Introduction-3-768x435.png 768w, https:\/\/e-cs-f.org\/wp-content\/uploads\/2023\/03\/Introduction-3.png 1000w\" sizes=\"auto, (max-width: 300px) 100vw, 300px\" \/><\/a><\/p>\n","protected":false},"excerpt":{"rendered":"<p>Die European Clinical Science Foundation (ECSF\u00ae) ist eine gemeinn\u00fctzige Stiftung b\u00fcrgerlichen Rechts mit Sitz in K\u00f6ln. Die Stiftung f\u00f6rdert, unterst\u00fctzt und f\u00fchrt Ma\u00dfnahmen durch, die geeignet sind, eine Krankenversorgung und Berufsaus\u00fcbung im Bereich der Medizin auf europaweit einheitlich hohem Niveau zu gew\u00e4hrleisten. ECSF\u00ae\u00a0ist verantwortlich f\u00fcr die Zertifizierungspraxis von EBAC\u00ae (European Board for Accreditation of Continuing [&hellip;]<\/p>\n","protected":false},"author":1,"featured_media":0,"parent":0,"menu_order":0,"comment_status":"closed","ping_status":"closed","template":"","meta":{"footnotes":""},"class_list":["post-12","page","type-page","status-publish","hentry"],"_links":{"self":[{"href":"https:\/\/e-cs-f.org\/de\/wp-json\/wp\/v2\/pages\/12","targetHints":{"allow":["GET"]}}],"collection":[{"href":"https:\/\/e-cs-f.org\/de\/wp-json\/wp\/v2\/pages"}],"about":[{"href":"https:\/\/e-cs-f.org\/de\/wp-json\/wp\/v2\/types\/page"}],"author":[{"embeddable":true,"href":"https:\/\/e-cs-f.org\/de\/wp-json\/wp\/v2\/users\/1"}],"replies":[{"embeddable":true,"href":"https:\/\/e-cs-f.org\/de\/wp-json\/wp\/v2\/comments?post=12"}],"version-history":[{"count":9,"href":"https:\/\/e-cs-f.org\/de\/wp-json\/wp\/v2\/pages\/12\/revisions"}],"predecessor-version":[{"id":653,"href":"https:\/\/e-cs-f.org\/de\/wp-json\/wp\/v2\/pages\/12\/revisions\/653"}],"wp:attachment":[{"href":"https:\/\/e-cs-f.org\/de\/wp-json\/wp\/v2\/media?parent=12"}],"curies":[{"name":"wp","href":"https:\/\/api.w.org\/{rel}","templated":true}]}}