{"id":139,"date":"2018-11-19T13:53:09","date_gmt":"2018-11-19T13:53:09","guid":{"rendered":"http:\/\/gobuntu.cucw.de\/?page_id=139"},"modified":"2026-03-25T18:01:31","modified_gmt":"2026-03-25T18:01:31","slug":"impressum","status":"publish","type":"page","link":"https:\/\/e-cs-f.org\/de\/impressum\/","title":{"rendered":"Impressum"},"content":{"rendered":"<p><strong> European Clinical Science Foundation <\/strong><br \/>\n(gemeinn\u00fctzige Stiftung des b\u00fcrgerlichen Rechts)<br \/>\nc\/o Sparkasse K\u00f6lnBonn,<br \/>\nStiftungs- und Vereinsmanagement<br \/>\nHahnenstra\u00dfe 57<br \/>\n50667 K\u00f6ln<\/p>\n<p><strong> Vertretungsberechtigter Vorstand: <\/strong><br \/>\nProf. Dr. J\u00f6rg Stein<br \/>\nProf. Dr. Stephan Martin<br \/>\nProf.\u00a0Dr.\u00a0Reinhard\u00a0Griebenow (Vorsitzender)<\/p>\n<p><strong> Elektronische Kontaktaufnahme: <\/strong><br \/>\n<a href=\"mailto:contact@e-cs-f.org\">contact@e-cs-f.org <\/a><\/p>\n<p>Eingetragen im elektronischen Stiftungsverzeichnis<br \/>\nf\u00fcr das Land\u00a0NRW (Ordnungsnummer 10\/07)<\/p>\n<p><strong> Stiftungsaufsicht gem. \u00a7\u00a7 6, 15 Abs. 2 StiftG NRW: <\/strong><br \/>\nBezirksregierung K\u00f6ln<br \/>\nZeughausstra\u00dfe 2-10<br \/>\n50667 K\u00f6ln<\/p>\n<p><strong> Inhaltlich Verantwortlicher nach \u00a7 55 Abs. 2 RStV: <\/strong><br \/>\nProf. Dr. Reinhard Griebenow<br \/>\n<a href=\"mailto:griebenow@e-cs-f.org\"> griebenow@e-cs-f.org <\/a><\/p>\n<p><strong> Gestaltung <\/strong><br \/>\n\u201cDesignfee\u201d Bianca Werninghaus<br \/>\n<a href=\"http:\/\/www.designfee.com\" target=\"_blank\" rel=\"noopener\"> www.designfee.com <\/a><\/p>\n<p><strong> Programmierung <\/strong><br \/>\ni4innovation GmbH<br \/>\n<a href=\"http:\/\/www.i4innovation.de\" target=\"_blank\" rel=\"noopener\">www.i4innovation.de<\/a><\/p>\n","protected":false},"excerpt":{"rendered":"<p>European Clinical Science Foundation (gemeinn\u00fctzige Stiftung des b\u00fcrgerlichen Rechts) c\/o Sparkasse K\u00f6lnBonn, Stiftungs- und Vereinsmanagement Hahnenstra\u00dfe 57 50667 K\u00f6ln Vertretungsberechtigter Vorstand: Prof. Dr. J\u00f6rg Stein Prof. Dr. Stephan Martin Prof.\u00a0Dr.\u00a0Reinhard\u00a0Griebenow (Vorsitzender) Elektronische Kontaktaufnahme: contact@e-cs-f.org Eingetragen im elektronischen Stiftungsverzeichnis f\u00fcr das Land\u00a0NRW (Ordnungsnummer 10\/07) Stiftungsaufsicht gem. \u00a7\u00a7 6, 15 Abs. 2 StiftG NRW: Bezirksregierung K\u00f6ln Zeughausstra\u00dfe [&hellip;]<\/p>\n","protected":false},"author":1,"featured_media":0,"parent":0,"menu_order":0,"comment_status":"closed","ping_status":"closed","template":"","meta":{"footnotes":""},"class_list":["post-139","page","type-page","status-publish","hentry"],"_links":{"self":[{"href":"https:\/\/e-cs-f.org\/de\/wp-json\/wp\/v2\/pages\/139","targetHints":{"allow":["GET"]}}],"collection":[{"href":"https:\/\/e-cs-f.org\/de\/wp-json\/wp\/v2\/pages"}],"about":[{"href":"https:\/\/e-cs-f.org\/de\/wp-json\/wp\/v2\/types\/page"}],"author":[{"embeddable":true,"href":"https:\/\/e-cs-f.org\/de\/wp-json\/wp\/v2\/users\/1"}],"replies":[{"embeddable":true,"href":"https:\/\/e-cs-f.org\/de\/wp-json\/wp\/v2\/comments?post=139"}],"version-history":[{"count":9,"href":"https:\/\/e-cs-f.org\/de\/wp-json\/wp\/v2\/pages\/139\/revisions"}],"predecessor-version":[{"id":663,"href":"https:\/\/e-cs-f.org\/de\/wp-json\/wp\/v2\/pages\/139\/revisions\/663"}],"wp:attachment":[{"href":"https:\/\/e-cs-f.org\/de\/wp-json\/wp\/v2\/media?parent=139"}],"curies":[{"name":"wp","href":"https:\/\/api.w.org\/{rel}","templated":true}]}}