{"id":147,"date":"2018-11-19T13:53:48","date_gmt":"2018-11-19T13:53:48","guid":{"rendered":"http:\/\/gobuntu.cucw.de\/?page_id=147"},"modified":"2018-11-19T13:53:48","modified_gmt":"2018-11-19T13:53:48","slug":"disclaimer","status":"publish","type":"page","link":"https:\/\/e-cs-f.org\/de\/disclaimer\/","title":{"rendered":"Disclaimer"},"content":{"rendered":"<p>Diese Website enth\u00e4lt Verkn\u00fcpfungen zu Websites Dritter. Betreffende Websites unterliegen der Haftung der jeweiligen Betreiber. Wir haben bei der erstmaligen Verkn\u00fcpfung externer Websites die fremden Inhalte daraufhin \u00fcberpr\u00fcft, ob etwaige Rechtsverst\u00f6\u00dfe bestehen. Zu dem Zeitpunkt waren keine Rechtsverst\u00f6\u00dfe ersichtlich. Wir haben keinerlei Einfluss auf die aktuelle und zuk\u00fcnftige Gestaltung und auf die Inhalte der verkn\u00fcpften Seiten sowie die Beachtung datenschutzrechtlicher Bestimmungen durch den Betreiber der externen Websites. Das Setzen von externen Links bedeutet nicht, dass wir uns die hinter dem Verweis oder Link liegenden Inhalte zu Eigen machen. Eine st\u00e4ndige Kontrolle der externen Links ist f\u00fcr uns ohne konkrete Hinweise auf Rechtsverst\u00f6\u00dfe nicht zumutbar. Bei Kenntnis von Rechtsverst\u00f6\u00dfen werden jedoch derartige externe Links unverz\u00fcglich gel\u00f6scht.<\/p>\n","protected":false},"excerpt":{"rendered":"<p>Diese Website enth\u00e4lt Verkn\u00fcpfungen zu Websites Dritter. Betreffende Websites unterliegen der Haftung der jeweiligen Betreiber. Wir haben bei der erstmaligen Verkn\u00fcpfung externer Websites die fremden Inhalte daraufhin \u00fcberpr\u00fcft, ob etwaige Rechtsverst\u00f6\u00dfe bestehen. Zu dem Zeitpunkt waren keine Rechtsverst\u00f6\u00dfe ersichtlich. Wir haben keinerlei Einfluss auf die aktuelle und zuk\u00fcnftige Gestaltung und auf die Inhalte der verkn\u00fcpften [&hellip;]<\/p>\n","protected":false},"author":1,"featured_media":0,"parent":0,"menu_order":0,"comment_status":"closed","ping_status":"closed","template":"","meta":{"footnotes":""},"class_list":["post-147","page","type-page","status-publish","hentry"],"_links":{"self":[{"href":"https:\/\/e-cs-f.org\/de\/wp-json\/wp\/v2\/pages\/147","targetHints":{"allow":["GET"]}}],"collection":[{"href":"https:\/\/e-cs-f.org\/de\/wp-json\/wp\/v2\/pages"}],"about":[{"href":"https:\/\/e-cs-f.org\/de\/wp-json\/wp\/v2\/types\/page"}],"author":[{"embeddable":true,"href":"https:\/\/e-cs-f.org\/de\/wp-json\/wp\/v2\/users\/1"}],"replies":[{"embeddable":true,"href":"https:\/\/e-cs-f.org\/de\/wp-json\/wp\/v2\/comments?post=147"}],"version-history":[{"count":1,"href":"https:\/\/e-cs-f.org\/de\/wp-json\/wp\/v2\/pages\/147\/revisions"}],"predecessor-version":[{"id":148,"href":"https:\/\/e-cs-f.org\/de\/wp-json\/wp\/v2\/pages\/147\/revisions\/148"}],"wp:attachment":[{"href":"https:\/\/e-cs-f.org\/de\/wp-json\/wp\/v2\/media?parent=147"}],"curies":[{"name":"wp","href":"https:\/\/api.w.org\/{rel}","templated":true}]}}