{"id":17,"date":"2018-11-16T15:02:20","date_gmt":"2018-11-16T15:02:20","guid":{"rendered":"http:\/\/gobuntu.cucw.de\/?page_id=17"},"modified":"2026-03-25T17:48:11","modified_gmt":"2026-03-25T17:48:11","slug":"historie","status":"publish","type":"page","link":"https:\/\/e-cs-f.org\/de\/historie\/","title":{"rendered":"Historie"},"content":{"rendered":"<div>\n<p>Die European Clinical Science Foundation (ECSF\u00ae) ist eine gemeinn\u00fctzige Stiftung mit Sitz in K\u00f6ln. Sie wurde 2010 unter anderem Namen von europ\u00e4ischen Kardiologen gegr\u00fcndet und ist heute eine unabh\u00e4ngige Stiftung zur F\u00f6rderung der medizinischen Versorgung in Europa und weltweit.<\/p>\n<\/div>\n<div>\n<p>ECSF\u00ae hat 2012 die Cologne Consensus Conference ins Leben gerufen, die mittlerweile zur offiziellen Veranstaltung der International Academy for CPD Accreditation geworden ist, einer globalen Vereinigung vor Fortbildungszertifizierern.<\/p>\n<\/div>\n","protected":false},"excerpt":{"rendered":"<p>Die European Clinical Science Foundation (ECSF\u00ae) ist eine gemeinn\u00fctzige Stiftung mit Sitz in K\u00f6ln. Sie wurde 2010 unter anderem Namen von europ\u00e4ischen Kardiologen gegr\u00fcndet und ist heute eine unabh\u00e4ngige Stiftung zur F\u00f6rderung der medizinischen Versorgung in Europa und weltweit. ECSF\u00ae hat 2012 die Cologne Consensus Conference ins Leben gerufen, die mittlerweile zur offiziellen Veranstaltung der [&hellip;]<\/p>\n","protected":false},"author":1,"featured_media":0,"parent":0,"menu_order":0,"comment_status":"closed","ping_status":"closed","template":"","meta":{"footnotes":""},"class_list":["post-17","page","type-page","status-publish","hentry"],"_links":{"self":[{"href":"https:\/\/e-cs-f.org\/de\/wp-json\/wp\/v2\/pages\/17","targetHints":{"allow":["GET"]}}],"collection":[{"href":"https:\/\/e-cs-f.org\/de\/wp-json\/wp\/v2\/pages"}],"about":[{"href":"https:\/\/e-cs-f.org\/de\/wp-json\/wp\/v2\/types\/page"}],"author":[{"embeddable":true,"href":"https:\/\/e-cs-f.org\/de\/wp-json\/wp\/v2\/users\/1"}],"replies":[{"embeddable":true,"href":"https:\/\/e-cs-f.org\/de\/wp-json\/wp\/v2\/comments?post=17"}],"version-history":[{"count":11,"href":"https:\/\/e-cs-f.org\/de\/wp-json\/wp\/v2\/pages\/17\/revisions"}],"predecessor-version":[{"id":655,"href":"https:\/\/e-cs-f.org\/de\/wp-json\/wp\/v2\/pages\/17\/revisions\/655"}],"wp:attachment":[{"href":"https:\/\/e-cs-f.org\/de\/wp-json\/wp\/v2\/media?parent=17"}],"curies":[{"name":"wp","href":"https:\/\/api.w.org\/{rel}","templated":true}]}}