{"id":37,"date":"2018-11-16T15:14:13","date_gmt":"2018-11-16T15:14:13","guid":{"rendered":"http:\/\/gobuntu.cucw.de\/?page_id=37"},"modified":"2026-03-25T17:50:39","modified_gmt":"2026-03-25T17:50:39","slug":"ziele-der-stiftung","status":"publish","type":"page","link":"https:\/\/e-cs-f.org\/de\/ziele-der-stiftung\/","title":{"rendered":"Ziele der Stiftung"},"content":{"rendered":"<p>Die Ziele der Stiftung beschreibt \u00a7\u20092 der Stiftungssatzung:<\/p>\n<p style=\"font-weight: 400;\">\u201e\u20262. Die Stiftung unterst\u00fctzt, f\u00f6rdert und f\u00fchrt Ma\u00dfnahmen durch, die geeignet sind, eine Krankenversorgung und Berufsaus\u00fcbung in allen medizinischen Fachbereichen auf europaweit einheitlich hohem Niveau zu gew\u00e4hrleisten. Zweck der \u201eEuropean Clinical Science Foundation\u201c ist insbesondere die F\u00f6rderung von Wissenschaft und Forschung, sowie die F\u00f6rderung von Erziehung und Berufsbildung\u2026\u201c<\/p>\n<p>ECSF verfolgt diese Ziele insbesondere durch die Organisation der j\u00e4hrlich stattfindenden Cologne Consensus Conference sowie die Arbeit des European Board for Accreditation of Continuing Education for Health Professionals (EBAC\u00ae)<\/p>\n","protected":false},"excerpt":{"rendered":"<p>Die Ziele der Stiftung beschreibt \u00a7\u20092 der Stiftungssatzung: \u201e\u20262. Die Stiftung unterst\u00fctzt, f\u00f6rdert und f\u00fchrt Ma\u00dfnahmen durch, die geeignet sind, eine Krankenversorgung und Berufsaus\u00fcbung in allen medizinischen Fachbereichen auf europaweit einheitlich hohem Niveau zu gew\u00e4hrleisten. Zweck der \u201eEuropean Clinical Science Foundation\u201c ist insbesondere die F\u00f6rderung von Wissenschaft und Forschung, sowie die F\u00f6rderung von Erziehung und [&hellip;]<\/p>\n","protected":false},"author":1,"featured_media":0,"parent":0,"menu_order":0,"comment_status":"closed","ping_status":"closed","template":"","meta":{"footnotes":""},"class_list":["post-37","page","type-page","status-publish","hentry"],"_links":{"self":[{"href":"https:\/\/e-cs-f.org\/de\/wp-json\/wp\/v2\/pages\/37","targetHints":{"allow":["GET"]}}],"collection":[{"href":"https:\/\/e-cs-f.org\/de\/wp-json\/wp\/v2\/pages"}],"about":[{"href":"https:\/\/e-cs-f.org\/de\/wp-json\/wp\/v2\/types\/page"}],"author":[{"embeddable":true,"href":"https:\/\/e-cs-f.org\/de\/wp-json\/wp\/v2\/users\/1"}],"replies":[{"embeddable":true,"href":"https:\/\/e-cs-f.org\/de\/wp-json\/wp\/v2\/comments?post=37"}],"version-history":[{"count":5,"href":"https:\/\/e-cs-f.org\/de\/wp-json\/wp\/v2\/pages\/37\/revisions"}],"predecessor-version":[{"id":657,"href":"https:\/\/e-cs-f.org\/de\/wp-json\/wp\/v2\/pages\/37\/revisions\/657"}],"wp:attachment":[{"href":"https:\/\/e-cs-f.org\/de\/wp-json\/wp\/v2\/media?parent=37"}],"curies":[{"name":"wp","href":"https:\/\/api.w.org\/{rel}","templated":true}]}}