{"id":80,"date":"2018-11-19T11:14:36","date_gmt":"2018-11-19T11:14:36","guid":{"rendered":"http:\/\/gobuntu.cucw.de\/?page_id=80"},"modified":"2026-03-25T17:55:41","modified_gmt":"2026-03-25T17:55:41","slug":"unterstutzen-sie-ecsf","status":"publish","type":"page","link":"https:\/\/e-cs-f.org\/de\/unterstutzen-sie-ecsf\/","title":{"rendered":"Unterst\u00fctzen Sie ECSF\u00ae"},"content":{"rendered":"<h2>Spende<\/h2>\n<p>Um die Arbeit der Stiftung zu unterst\u00fctzen.<\/p>\n<h2>Zustiftung<\/h2>\n<p>Um das Stiftungskapital zu erh\u00f6hen und so die Arbeit der Stiftung langfristig zu sichern.<\/p>\n<h2>Projektbezogene Unterst\u00fctzung<\/h2>\n<p><strong>Bankverbindung<\/strong><br \/>\nEuropean Clinical Science Foundation<br \/>\nBank: Sparkasse KoelnBonn<br \/>\nKontonummer: 1929 761 6 7 2<br \/>\nBankleitzahl: 37050198<br \/>\nIBAN DE38 3705 0198 1929 7616 72<br \/>\nBIC COLSDE33<\/p>\n<p>ECSF<sup>\u00ae<\/sup> ist eine gemeinn\u00fctzige Organisation. Spenden sind steuerlich abzugsf\u00e4hig.<\/p>\n<p><strong>Bitte beachten Sie:<\/strong> Spenden von Unternehmen der pharmazeutischen oder medizintechnischen Industrie sind aufgrund der Stiftungsstatuten ausgeschlossen.<\/p>\n","protected":false},"excerpt":{"rendered":"<p>Spende Um die Arbeit der Stiftung zu unterst\u00fctzen. Zustiftung Um das Stiftungskapital zu erh\u00f6hen und so die Arbeit der Stiftung langfristig zu sichern. Projektbezogene Unterst\u00fctzung Bankverbindung European Clinical Science Foundation Bank: Sparkasse KoelnBonn Kontonummer: 1929 761 6 7 2 Bankleitzahl: 37050198 IBAN DE38 3705 0198 1929 7616 72 BIC COLSDE33 ECSF\u00ae ist eine gemeinn\u00fctzige Organisation. [&hellip;]<\/p>\n","protected":false},"author":1,"featured_media":0,"parent":0,"menu_order":0,"comment_status":"closed","ping_status":"closed","template":"","meta":{"footnotes":""},"class_list":["post-80","page","type-page","status-publish","hentry"],"_links":{"self":[{"href":"https:\/\/e-cs-f.org\/de\/wp-json\/wp\/v2\/pages\/80","targetHints":{"allow":["GET"]}}],"collection":[{"href":"https:\/\/e-cs-f.org\/de\/wp-json\/wp\/v2\/pages"}],"about":[{"href":"https:\/\/e-cs-f.org\/de\/wp-json\/wp\/v2\/types\/page"}],"author":[{"embeddable":true,"href":"https:\/\/e-cs-f.org\/de\/wp-json\/wp\/v2\/users\/1"}],"replies":[{"embeddable":true,"href":"https:\/\/e-cs-f.org\/de\/wp-json\/wp\/v2\/comments?post=80"}],"version-history":[{"count":8,"href":"https:\/\/e-cs-f.org\/de\/wp-json\/wp\/v2\/pages\/80\/revisions"}],"predecessor-version":[{"id":659,"href":"https:\/\/e-cs-f.org\/de\/wp-json\/wp\/v2\/pages\/80\/revisions\/659"}],"wp:attachment":[{"href":"https:\/\/e-cs-f.org\/de\/wp-json\/wp\/v2\/media?parent=80"}],"curies":[{"name":"wp","href":"https:\/\/api.w.org\/{rel}","templated":true}]}}