{"id":94,"date":"2018-11-19T11:22:02","date_gmt":"2018-11-19T11:22:02","guid":{"rendered":"http:\/\/gobuntu.cucw.de\/?page_id=94"},"modified":"2021-04-25T20:55:06","modified_gmt":"2021-04-25T20:55:06","slug":"print-download","status":"publish","type":"page","link":"https:\/\/e-cs-f.org\/de\/print-download\/","title":{"rendered":"Print \/ Download"},"content":{"rendered":"<p>&nbsp;<\/p>\n<p><strong>Rede von Oberb\u00fcrgermeister J\u00fcrgen Roters anl\u00e4sslich der Gr\u00fcndung der Europ\u00e4ischen Kardiologie Section Foundation<\/strong><\/p>\n<p><a href=\"http:\/\/www.stadt-koeln.de\/mediaasset\/content\/pdf-ob\/reden\/2011\/03\/20110318_european_cardiology_section_foundation-english-.pdf\">Download<\/a><\/p>\n<hr \/>\n<p><strong>Artikel im \u201cDeutsches \u00c4rzteblatt\u201d [Dtsch Arztebl 2011; 108(18): A-1019 \/ B-843 \/ C-843]<\/strong><\/p>\n<p><a href=\"http:\/\/www.aerzteblatt.de\/v4\/archiv\/artikel.asp?src=heft&amp;id=89141\" target=\"_blank\" rel=\"noopener\">externer Link<\/a><\/p>\n<hr \/>\n<p><strong>Artikel in \u201cK\u00f6ln Nachrichten\u201d<\/strong><\/p>\n<p><a href=\"http:\/\/www.koeln-nachrichten.de\/gesellschaft\/gesundheit\/koeln_empfang_stiftung_kardiologen_2011_maerz_rathaus.html\" target=\"_blank\" rel=\"noopener\">externer Link<\/a><\/p>\n<hr \/>\n<p><strong>Rede von Reinhard Griebenow anl\u00e4sslich der Gr\u00fcndung der Europ\u00e4ischen Kardiologie Section Foundation<\/strong><\/p>\n<p><a href=\"\/wp-content\/uploads\/2018\/11\/speech-rg-18032011.pdf\" target=\"blank\" rel=\"noopener\">Download<\/a><\/p>\n<hr \/>\n<p><strong>Online-Artikel auf \u201creport-ke.de \u2013 K\u00f6lns Internetzeitung\u201d<\/strong><\/p>\n<p><a href=\"http:\/\/www.report-k.de\/content\/view\/37905\/\" target=\"_blank\" rel=\"noopener\">externer Link<\/a><\/p>\n","protected":false},"excerpt":{"rendered":"<p>&nbsp; Rede von Oberb\u00fcrgermeister J\u00fcrgen Roters anl\u00e4sslich der Gr\u00fcndung der Europ\u00e4ischen Kardiologie Section Foundation Download Artikel im \u201cDeutsches \u00c4rzteblatt\u201d [Dtsch Arztebl 2011; 108(18): A-1019 \/ B-843 \/ C-843] externer Link Artikel in \u201cK\u00f6ln Nachrichten\u201d externer Link Rede von Reinhard Griebenow anl\u00e4sslich der Gr\u00fcndung der Europ\u00e4ischen Kardiologie Section Foundation Download Online-Artikel auf \u201creport-ke.de \u2013 K\u00f6lns Internetzeitung\u201d [&hellip;]<\/p>\n","protected":false},"author":1,"featured_media":0,"parent":0,"menu_order":0,"comment_status":"closed","ping_status":"closed","template":"","meta":{"footnotes":""},"class_list":["post-94","page","type-page","status-publish","hentry"],"_links":{"self":[{"href":"https:\/\/e-cs-f.org\/de\/wp-json\/wp\/v2\/pages\/94","targetHints":{"allow":["GET"]}}],"collection":[{"href":"https:\/\/e-cs-f.org\/de\/wp-json\/wp\/v2\/pages"}],"about":[{"href":"https:\/\/e-cs-f.org\/de\/wp-json\/wp\/v2\/types\/page"}],"author":[{"embeddable":true,"href":"https:\/\/e-cs-f.org\/de\/wp-json\/wp\/v2\/users\/1"}],"replies":[{"embeddable":true,"href":"https:\/\/e-cs-f.org\/de\/wp-json\/wp\/v2\/comments?post=94"}],"version-history":[{"count":8,"href":"https:\/\/e-cs-f.org\/de\/wp-json\/wp\/v2\/pages\/94\/revisions"}],"predecessor-version":[{"id":598,"href":"https:\/\/e-cs-f.org\/de\/wp-json\/wp\/v2\/pages\/94\/revisions\/598"}],"wp:attachment":[{"href":"https:\/\/e-cs-f.org\/de\/wp-json\/wp\/v2\/media?parent=94"}],"curies":[{"name":"wp","href":"https:\/\/api.w.org\/{rel}","templated":true}]}}