{"id":405,"date":"2018-11-21T15:08:25","date_gmt":"2018-11-21T15:08:25","guid":{"rendered":"http:\/\/gobuntu.cucw.de\/?page_id=405"},"modified":"2026-03-25T17:38:59","modified_gmt":"2026-03-25T17:38:59","slug":"contact","status":"publish","type":"page","link":"https:\/\/e-cs-f.org\/en\/contact\/","title":{"rendered":"Contact"},"content":{"rendered":"<p><img loading=\"lazy\" decoding=\"async\" class=\"alignnone size-medium wp-image-134\" src=\"\/wp-content\/uploads\/2018\/11\/image-2-300x177.png\" alt=\"\" width=\"300\" height=\"177\" srcset=\"https:\/\/e-cs-f.org\/wp-content\/uploads\/2018\/11\/image-2-300x177.png 300w, https:\/\/e-cs-f.org\/wp-content\/uploads\/2018\/11\/image-2.png 450w\" sizes=\"auto, (max-width: 300px) 100vw, 300px\" \/><\/p>\n<p><strong>European Clinical Science Foundation<\/strong><br \/>\n(gemeinn\u00fctzige Stiftung des b\u00fcrgerlichen Rechts)<br \/>\n\u2105 Sparkasse K\u00f6lnBonn,<br \/>\nStiftungs- und Vereinsmanagement<br \/>\nHahnenstra\u00dfe 57<br \/>\n50667 K\u00f6ln<\/p>\n<p>E-Mail: <a href=\"mailto:contact@e-cs-f.org&quot;\">contact@e-cs-f.org<\/a><\/p>\n","protected":false},"excerpt":{"rendered":"<p>European Clinical Science Foundation (gemeinn\u00fctzige Stiftung des b\u00fcrgerlichen Rechts) \u2105 Sparkasse K\u00f6lnBonn, Stiftungs- und Vereinsmanagement Hahnenstra\u00dfe 57 50667 K\u00f6ln E-Mail: contact@e-cs-f.org<\/p>\n","protected":false},"author":1,"featured_media":0,"parent":0,"menu_order":0,"comment_status":"closed","ping_status":"closed","template":"","meta":{"footnotes":""},"class_list":["post-405","page","type-page","status-publish","hentry"],"_links":{"self":[{"href":"https:\/\/e-cs-f.org\/en\/wp-json\/wp\/v2\/pages\/405","targetHints":{"allow":["GET"]}}],"collection":[{"href":"https:\/\/e-cs-f.org\/en\/wp-json\/wp\/v2\/pages"}],"about":[{"href":"https:\/\/e-cs-f.org\/en\/wp-json\/wp\/v2\/types\/page"}],"author":[{"embeddable":true,"href":"https:\/\/e-cs-f.org\/en\/wp-json\/wp\/v2\/users\/1"}],"replies":[{"embeddable":true,"href":"https:\/\/e-cs-f.org\/en\/wp-json\/wp\/v2\/comments?post=405"}],"version-history":[{"count":3,"href":"https:\/\/e-cs-f.org\/en\/wp-json\/wp\/v2\/pages\/405\/revisions"}],"predecessor-version":[{"id":651,"href":"https:\/\/e-cs-f.org\/en\/wp-json\/wp\/v2\/pages\/405\/revisions\/651"}],"wp:attachment":[{"href":"https:\/\/e-cs-f.org\/en\/wp-json\/wp\/v2\/media?parent=405"}],"curies":[{"name":"wp","href":"https:\/\/api.w.org\/{rel}","templated":true}]}}