{"id":425,"date":"2018-11-21T15:19:51","date_gmt":"2018-11-21T15:19:51","guid":{"rendered":"http:\/\/gobuntu.cucw.de\/?page_id=425"},"modified":"2026-03-25T18:35:34","modified_gmt":"2026-03-25T18:35:34","slug":"privacy-statement","status":"publish","type":"page","link":"https:\/\/e-cs-f.org\/en\/privacy-statement\/","title":{"rendered":"Privacy statement"},"content":{"rendered":"<p><em>english text under construction<\/em><\/p>\n<p>Wir freuen uns \u00fcber Ihr Interesse an unserem Internetauftritt. Der Schutz der Privatsph\u00e4re ist f\u00fcr uns wichtig. An dieser Stelle m\u00f6chten wir erl\u00e4utern, in welchem Umfang und zu welchen Zwecken eine Erhebung und Verwendung personenbezogener Daten im Rahmen der Nutzung unseres Internetauftritts erfolgt und wie wir den Schutz Ihrer personenbezogenen Daten realisieren.<\/p>\n<p><strong>F\u00fcr die Nutzung unseres Internetauftritts unter www.e-cs-f.org gelten die Bestimmungen dieser Datenschutzerkl\u00e4rung. Sollten Sie mit diesen Bestimmungen nicht einverstanden sein, bitten wir Sie, unseren Internetauftritt nicht zu nutzen.<\/strong><\/p>\n<p><strong>Erhebung, Verarbeitung und Nutzung personenbezogener Daten<\/strong><br \/>\nSie k\u00f6nnen unseren Internetauftritt besuchen, ohne Angaben zu Ihrer Person zu machen. Wir speichern lediglich Zugriffsdaten ohne Personenbezug wie z.B. den Namen Ihres Internet Service Providers, die Seite, von welcher Sie uns besuchen oder den Namen angeforderter Dateien. Diese Daten werden ausschlie\u00dflich zur Verbesserung unseres Angebotes ausgewertet und erlauben uns keinen R\u00fcckschluss auf Ihre Person.<\/p>\n<p>Personenbezogene Daten werden nur dann erhoben, wenn Sie uns diese Daten zur Kontaktaufnahme im Bereich <a href=\"kontakt.html\">Kontakt<\/a> mitteilen. Wir verwenden die von Ihnen mitgeteilten Daten ohne Ihre gesonderte Einwilligung ausschlie\u00dflich zur Beantwortung Ihrer Anfragen und der Abwicklung etwaig angefragter Services.<\/p>\n<p><strong>Weitergabe personenbezogener Daten<\/strong><br \/>\nEine Weitergabe personenbezogener Daten an Dritte erfolgt nur, soweit dies zur Abwicklung der Dienste unter www.e-cs-f.org erforderlich ist oder Sie uns zuvor Ihre Einwilligung in eine solche Daten\u00fcbermittlung erteilt haben.<\/p>\n<p><strong>Einwilligung oder Widerruf von Einwilligungen<\/strong><br \/>\nSofern Sie uns im Rahmen unseres Internetangebotes eine gesonderte ausdr\u00fcckliche Einwilligung erteilen, Ihre personenbezogenen Daten zu erheben, zu verarbeiten oder nutzen, werden wir Ihre Daten nach Ma\u00dfgabe der betreffenden Einwilligung behandeln. Entsprechende Einwilligungen k\u00f6nnen sie uns gegen\u00fcber jederzeit mit Wirkung f\u00fcr die Zukunft widerrufen. F\u00fcr den Widerruf k\u00f6nnen Sie insbesondere den unten im Abschnitt \u201eFragen zum Datenschutz und Ansprechpartner\u201c bezeichneten Kontakt nutzen.<\/p>\n<p><strong>Datensicherheit<\/strong><br \/>\nWir sichern die in unserem Internetangebot unter www.e-cs-f.org hinterlegten personenbezogenen Daten durch technische und organisatorische Ma\u00dfnahmen gegen Zerst\u00f6rung, Verlust, Zugriff, Ver\u00e4nderung oder Verbreitung durch unbefugte Dritte.<\/p>\n<p><strong>Betroffenenrechte<\/strong><br \/>\nNach dem Bundesdatenschutzgesetz steht Ihnen das Recht auf unentgeltliche Auskunft \u00fcber Ihre gespeicherten personenbezogenen Daten sowie ggf. ein Recht auf Berichtigung, Sperrung oder L\u00f6schung dieser Daten zu.<\/p>\n<p><strong>Fragen zum Datenschutz und Ansprechpartner<\/strong><br \/>\nBei Fragen zur Erhebung, Verarbeitung oder Nutzung Ihrer personenbezogenen Daten, bei Ausk\u00fcnften, Berichtigung, Sperrung oder L\u00f6schung dieser Daten sowie beim Widerruf erteilter Einwilligungen wenden Sie sich bitte an Prof. Dr. Reinhard Griebenow (E-Mail: <a href=\"mailto:griebenow@e-cs-f.org\">griebenow@e-cs-f.org<\/a>, Anschrift: European Clinical Science Foundation, (gemeinn\u00fctzige Stiftung des b\u00fcrgerlichen Rechts), \u2105 Sparkasse K\u00f6lnBonn, Stiftungs- und Vereinsmanagement, Hahnenstra\u00dfe 57, 50667 K\u00f6ln).\u201c<\/p>\n","protected":false},"excerpt":{"rendered":"<p>english text under construction Wir freuen uns \u00fcber Ihr Interesse an unserem Internetauftritt. Der Schutz der Privatsph\u00e4re ist f\u00fcr uns wichtig. An dieser Stelle m\u00f6chten wir erl\u00e4utern, in welchem Umfang und zu welchen Zwecken eine Erhebung und Verwendung personenbezogener Daten im Rahmen der Nutzung unseres Internetauftritts erfolgt und wie wir den Schutz Ihrer personenbezogenen Daten [&hellip;]<\/p>\n","protected":false},"author":1,"featured_media":0,"parent":0,"menu_order":0,"comment_status":"closed","ping_status":"closed","template":"","meta":{"footnotes":""},"class_list":["post-425","page","type-page","status-publish","hentry"],"_links":{"self":[{"href":"https:\/\/e-cs-f.org\/en\/wp-json\/wp\/v2\/pages\/425","targetHints":{"allow":["GET"]}}],"collection":[{"href":"https:\/\/e-cs-f.org\/en\/wp-json\/wp\/v2\/pages"}],"about":[{"href":"https:\/\/e-cs-f.org\/en\/wp-json\/wp\/v2\/types\/page"}],"author":[{"embeddable":true,"href":"https:\/\/e-cs-f.org\/en\/wp-json\/wp\/v2\/users\/1"}],"replies":[{"embeddable":true,"href":"https:\/\/e-cs-f.org\/en\/wp-json\/wp\/v2\/comments?post=425"}],"version-history":[{"count":2,"href":"https:\/\/e-cs-f.org\/en\/wp-json\/wp\/v2\/pages\/425\/revisions"}],"predecessor-version":[{"id":673,"href":"https:\/\/e-cs-f.org\/en\/wp-json\/wp\/v2\/pages\/425\/revisions\/673"}],"wp:attachment":[{"href":"https:\/\/e-cs-f.org\/en\/wp-json\/wp\/v2\/media?parent=425"}],"curies":[{"name":"wp","href":"https:\/\/api.w.org\/{rel}","templated":true}]}}